{"id":694,"date":"2023-04-27T10:51:59","date_gmt":"2023-04-27T08:51:59","guid":{"rendered":"https:\/\/cdn.ninjacloud.hu\/energy360\/?page_id=694"},"modified":"2023-05-08T13:00:45","modified_gmt":"2023-05-08T11:00:45","slug":"ekr-hitelesites","status":"publish","type":"page","link":"https:\/\/energy360.hu\/?page_id=694","title":{"rendered":"EKR hiteles\u00edt\u00e9s"},"content":{"rendered":"\n<div class=\"wp-block-media-text alignwide is-stacked-on-mobile\"><figure class=\"wp-block-media-text__media\"><img loading=\"lazy\" decoding=\"async\" width=\"600\" height=\"400\" src=\"https:\/\/cdn.ninjacloud.hu\/energy360\/wp-content\/uploads\/2023\/04\/energy-audit-importance-woman-measures-house.jpg\" alt=\"\" class=\"wp-image-681 size-full\" srcset=\"https:\/\/energy360.hu\/wp-content\/uploads\/2023\/04\/energy-audit-importance-woman-measures-house.jpg 600w, https:\/\/energy360.hu\/wp-content\/uploads\/2023\/04\/energy-audit-importance-woman-measures-house-300x200.jpg 300w\" sizes=\"auto, (max-width: 600px) 100vw, 600px\" \/><\/figure><div class=\"wp-block-media-text__content\">\n<p class=\"has-text-align-justify\">A k\u00f6telezetts\u00e9gi rendszerben az EKR audit vagy katal\u00f3gus sz\u00e1m\u00edt\u00e1s eredm\u00e9nyek\u00e9nt l\u00e9trej\u00f6v\u0151 elsz\u00e1molhat\u00f3 energiamegtakar\u00edt\u00e1st az EKR hiteles\u00edt\u00e9si folyamat alak\u00edtja korl\u00e1tozottan forgalomk\u00e9pes vagyoni \u00e9rt\u00e9k\u0171 jogg\u00e1. A hiteles\u00edt\u00e9si folyamat eredm\u00e9nyek\u00e9pp keletkez\u0151 dokumentum szerepe, annak igazol\u00e1sa, hogy az energiamegtakar\u00edt\u00e1s meg\u00e1llap\u00edt\u00e1sa sor\u00e1n a sz\u00e1m\u00edt\u00e1st v\u00e9gz\u0151 megfelel\u0151en vette-e figyelembe a jogszab\u00e1lyban r\u00f6gz\u00edtett \u00e1tv\u00e1lt\u00e1si t\u00e9nyez\u0151ket, sz\u00e1m\u00edt\u00e1si m\u00f3dszereket \u00e9s elveket, valamint az addicion\u00e1lis tev\u00e9kenys\u00e9g megval\u00f3sul\u00e1s\u00e1t, \u00e9s helyesen hat\u00e1rozta meg az elsz\u00e1molhat\u00f3 energiamegtakar\u00edt\u00e1s m\u00e9rt\u00e9k\u00e9t. Az EKR hiteles\u00edt\u00e9s a MEKH \u00e1ltal vezetett n\u00e9vjegyz\u00e9kben szerepl\u0151 akkredit\u00e1lt energetikai audit\u00e1l\u00f3 szervezet v\u00e9gezheti. C\u00e9g\u00fcnk 2022-ben teljes\u00edtette a MEKH vonatkoz\u00f3 el\u0151\u00edr\u00e1sait \u00e9s energetikai audit\u00e1l\u00f3 szervezet besorol\u00e1st kapott EASZ-142\/2022 sz\u00e1mon.<\/p>\n<\/div><\/div>\n","protected":false},"excerpt":{"rendered":"<p>A k\u00f6telezetts\u00e9gi rendszerben az EKR audit vagy katal\u00f3gus sz\u00e1m\u00edt\u00e1s eredm\u00e9nyek\u00e9nt l\u00e9trej\u00f6v\u0151 elsz\u00e1molhat\u00f3 energiamegtakar\u00edt\u00e1st az EKR hiteles\u00edt\u00e9si folyamat alak\u00edtja korl\u00e1tozottan forgalomk\u00e9pes vagyoni \u00e9rt\u00e9k\u0171 jogg\u00e1. A hiteles\u00edt\u00e9si folyamat eredm\u00e9nyek\u00e9pp keletkez\u0151 dokumentum szerepe, annak igazol\u00e1sa, hogy az energiamegtakar\u00edt\u00e1s meg\u00e1llap\u00edt\u00e1sa sor\u00e1n a sz\u00e1m\u00edt\u00e1st v\u00e9gz\u0151 megfelel\u0151en vette-e figyelembe a jogszab\u00e1lyban r\u00f6gz\u00edtett \u00e1tv\u00e1lt\u00e1si t\u00e9nyez\u0151ket, sz\u00e1m\u00edt\u00e1si m\u00f3dszereket \u00e9s elveket, valamint az addicion\u00e1lis tev\u00e9kenys\u00e9g megval\u00f3sul\u00e1s\u00e1t, \u00e9s helyesen hat\u00e1rozta meg az elsz\u00e1molhat\u00f3 energiamegtakar\u00edt\u00e1s m\u00e9rt\u00e9k\u00e9t. Az EKR hiteles\u00edt\u00e9s a MEKH \u00e1ltal vezetett n\u00e9vjegyz\u00e9kben szerepl\u0151 akkredit\u00e1lt energetikai audit\u00e1l\u00f3 szervezet v\u00e9gezheti. C\u00e9g\u00fcnk 2022-ben teljes\u00edtette a MEKH vonatkoz\u00f3 el\u0151\u00edr\u00e1sait \u00e9s energetikai audit\u00e1l\u00f3 szervezet besorol\u00e1st kapott EASZ-142\/2022 sz\u00e1mon.<\/p>\n","protected":false},"author":1,"featured_media":0,"parent":0,"menu_order":0,"comment_status":"closed","ping_status":"closed","template":"","meta":{"_editorskit_title_hidden":false,"_editorskit_reading_time":0,"_editorskit_is_block_options_detached":false,"_editorskit_block_options_position":"{}","footnotes":""},"class_list":["post-694","page","type-page","status-publish","hentry"],"blocksy_meta":"","featured_image_urls":{"full":"","thumbnail":"","medium":"","medium_large":"","large":"","1536x1536":"","2048x2048":""},"post_excerpt_stackable":"<p>A k\u00f6telezetts\u00e9gi rendszerben az EKR audit vagy katal\u00f3gus sz\u00e1m\u00edt\u00e1s eredm\u00e9nyek\u00e9nt l\u00e9trej\u00f6v\u0151 elsz\u00e1molhat\u00f3 energiamegtakar\u00edt\u00e1st az EKR hiteles\u00edt\u00e9si folyamat alak\u00edtja korl\u00e1tozottan forgalomk\u00e9pes vagyoni \u00e9rt\u00e9k\u0171 jogg\u00e1. A hiteles\u00edt\u00e9si folyamat eredm\u00e9nyek\u00e9pp keletkez\u0151 dokumentum szerepe, annak igazol\u00e1sa, hogy az energiamegtakar\u00edt\u00e1s meg\u00e1llap\u00edt\u00e1sa sor\u00e1n a sz\u00e1m\u00edt\u00e1st v\u00e9gz\u0151 megfelel\u0151en vette-e figyelembe a jogszab\u00e1lyban r\u00f6gz\u00edtett \u00e1tv\u00e1lt\u00e1si t\u00e9nyez\u0151ket, sz\u00e1m\u00edt\u00e1si m\u00f3dszereket \u00e9s elveket, valamint az addicion\u00e1lis tev\u00e9kenys\u00e9g megval\u00f3sul\u00e1s\u00e1t, \u00e9s helyesen hat\u00e1rozta meg az elsz\u00e1molhat\u00f3 energiamegtakar\u00edt\u00e1s m\u00e9rt\u00e9k\u00e9t. Az EKR hiteles\u00edt\u00e9s a MEKH \u00e1ltal vezetett n\u00e9vjegyz\u00e9kben szerepl\u0151 akkredit\u00e1lt energetikai audit\u00e1l\u00f3 szervezet v\u00e9gezheti. C\u00e9g\u00fcnk 2022-ben teljes\u00edtette a MEKH vonatkoz\u00f3 el\u0151\u00edr\u00e1sait \u00e9s energetikai audit\u00e1l\u00f3 szervezet besorol\u00e1st kapott EASZ-142\/2022 sz\u00e1mon.<\/p>\n","category_list":"","author_info":{"name":"admin","url":"https:\/\/energy360.hu\/?author=1"},"comments_num":"0 comments","_links":{"self":[{"href":"https:\/\/energy360.hu\/index.php?rest_route=\/wp\/v2\/pages\/694","targetHints":{"allow":["GET"]}}],"collection":[{"href":"https:\/\/energy360.hu\/index.php?rest_route=\/wp\/v2\/pages"}],"about":[{"href":"https:\/\/energy360.hu\/index.php?rest_route=\/wp\/v2\/types\/page"}],"author":[{"embeddable":true,"href":"https:\/\/energy360.hu\/index.php?rest_route=\/wp\/v2\/users\/1"}],"replies":[{"embeddable":true,"href":"https:\/\/energy360.hu\/index.php?rest_route=%2Fwp%2Fv2%2Fcomments&post=694"}],"version-history":[{"count":2,"href":"https:\/\/energy360.hu\/index.php?rest_route=\/wp\/v2\/pages\/694\/revisions"}],"predecessor-version":[{"id":736,"href":"https:\/\/energy360.hu\/index.php?rest_route=\/wp\/v2\/pages\/694\/revisions\/736"}],"wp:attachment":[{"href":"https:\/\/energy360.hu\/index.php?rest_route=%2Fwp%2Fv2%2Fmedia&parent=694"}],"curies":[{"name":"wp","href":"https:\/\/api.w.org\/{rel}","templated":true}]}}